{"id":24,"date":"2020-09-01T16:34:42","date_gmt":"2020-09-01T14:34:42","guid":{"rendered":"https:\/\/praxisenergie.de\/?page_id=24"},"modified":"2020-09-02T14:22:27","modified_gmt":"2020-09-02T12:22:27","slug":"erfahrungsberichte","status":"publish","type":"page","link":"https:\/\/praxisenergie.de\/en\/erfahrungsberichte\/","title":{"rendered":"Feedback"},"content":{"rendered":"<p>Liebe Rosi, morgen sind es auf den Tag genau 4 Wochen, dass meine psychisch und dadurch auch physisch kranke Tochter das erste Mal zu dir kam. Die Besserung ihres Gesundheitszustandes nach diesem ersten Besuch bei dir war so unglaublich &#8211; ich habe schon wieder Tr\u00e4nen in den Augen. Langsam kommt auch das aufgeweckte, fr\u00f6hliche, plappernde Kind wieder zum Vorschein, das sie fr\u00fcher war. Es ist eine wahre Freude, sie anzusehen, mit ihr zusammen zu sein, mit ihr zu reden. Auch ich habe von der (Mit-)Behandlung profitiert, sehe mich selbst mit anderen Augen und bin viel selbstbewusster geworden. Meine Tochter und ich haben vermutlich noch einen weiten Weg vor uns, der m\u00f6glicherweise nicht immer so eben wie die letzten 4 Wochen sein wird, aber wir wissen, dass wir bei dir bestens aufgehoben sind. Die unendliche Dankbarkeit, die ich f\u00fcr dich empfinde, kann man gar nicht in Worte fassen, aber du wirst es wissen&#8230;wie so vieles anderes auch.<\/p>\n<p>Noch ein kleiner Spruch, durch den ich in der Zeit, bevor wir zu dir kamen, meist optimistisch geblieben bin und der sich immer mehr bewahrheitet: &#8220;Manchmal denkst du vielleicht, alles in deinem Leben w\u00fcrde auseinander fallen. Dabei f\u00e4llt gerade alles nur an seinen richtigen Platz!&#8221; Und durch dich geht das so unglaublich leicht und schnell! <em>Meine T\u00f6chter und ich schicken dir herzlichste Gr\u00fc\u00dfe und wir freuen uns auf den n\u00e4chsten Besuch bei dir! CARNA<\/em><\/p>\n<hr \/>\n<p>Liebe Rosi, eine Woche ist es nun her, seit ich bei Dir war &#8211; und es geht mir von Tag zu Tag besser. Nach 8 Wochen Grippe mit angsterzeugenden Herzbeschwerden war ich fast am Verzweifeln, die Schulmedizin half mir nicht. Mein Energielevel sank von Tag zu Tag &#8211; hatte regelrechte Burnout-Symptome, ein Urlaub in der Sonne, von welchem ich mir Heilung versprach, brachte keinen Erfolg. Nun, da mein karmische Verstrickung von Dir entdeckt und aufgel\u00f6st wurde, sp\u00fcre ich ganz deutlich dass nichts mehr an mir zieht und mir die Energie raubt. Mein K\u00f6rper regeneriert auf nat\u00fcrliche Weise und ich kann wieder ohne \u00c4ngste arbeiten gehen, gut schlafen, unbeschwert das Leben genie\u00dfen. Ich bin sehr sehr dankbar daf\u00fcr, dass es Dich gibt und w\u00fcnsche noch vielen weiteren Menschen, dass sie den Weg zu Dir finden um befreit und &#8216;ganz&#8217; zu werden. Auch solche Menschen wie ich, die &#8216;bodenst\u00e4ndig&#8217; sind und nicht so ganz verstehen, was sich da zwischen Himmel und Erde abspielen kann \ud83d\ude09 <em>Herzallerliebste Gr\u00fc\u00dfe, deine Bety<\/em><\/p>\n<hr \/>\n<p>Liebste Rosi, ich war neulich das erste Mal bei Dir und gebe Dir heute mein Feedback. Es hat sich viel ver\u00e4ndert, nicht nur innerlich, ja sogar k\u00f6rperlich. Du hast meine weiblichen Aspekte zur\u00fcckgeholt und das ist wirklich eine tiefgreifende Erfahrung. Ich f\u00fchle mich wie neu geboren in mir selbst. Auch Deine Art, wie Du die Dinge n\u00e4her bringst in Deiner tiefgr\u00fcndigen und liebevollen Art und Weise ist unbeschreiblich. Ich bin Dir so dankar und werde Dich immer wieder aufsuchen, falls n\u00f6tig (smile). <em>In tiefer Dankbarkeit. Maria<\/em><\/p>\n<hr \/>\n<p>Liebe Rosi, Du bist eine Heilerin! Ich dachte fr\u00fcher, wir k\u00f6nnten uns nur ausschlie\u00dflich selbst helfen und andere w\u00fcrden uns dabei ein wenig unterst\u00fctzen, mehr nicht. Aber jetzt wei\u00df ich, dass es Wunder gibt und Menschen wie Du! Liebevoll und ohne jegliches Aufhebens hast Du mir Schritt f\u00fcr Schritt die Ursachen meiner Probleme klar aufgezeigt, ich konnte alles so einfach und leicht nehmen, ohne jeden Schmerz hinschauen, weil es ja der Wahrheit entsprach und der Liebe, und gleichzeitig war es geheilt. Ich kann es nicht erkl\u00e4ren, nur dass ich vorher mich nicht zu Hause f\u00fchlte, nicht am richtigen Platz, nicht zur rechten Zeit. Ich habe mich unverstanden, ausgenutzt und angegriffen gef\u00fchlt. Nat\u00fcrlich war mir klar, dass es mit meinen Eltern zusammenhing, aber ich hatte keine M\u00f6glichkeit, dies mit ihnen zu kl\u00e4ren. Meine Beziehung war auch ungl\u00fccklich. Obwohl die Liebe da war, f\u00fchlte ich mich immer alleingelassen. Zig Eheberatungen, Familienaufstellen haben nicht geholfen und ich wollte mich trennen. Ich hatte die Hoffnung schon aufgegeben. Rosi, ich bin dir unendlich dankbar, mein gr\u00f6\u00dfter Wunsch ist in Erf\u00fcllung gegangen: die Liebe leben und erfahren zu k\u00f6nnen. Ich bin endlich angekommen und im Frieden mit mir und der Welt. Die Menschen, die mir nicht guttun, spielen in meinem Leben keine Rolle mehr. Ich dachte, ich m\u00fcsste mich mit allen immer auss\u00f6hnen. Eine heile Welt haben. Dabei konnte ich nie loslassen, habe mich immer verloren und konnte nie f\u00fcr mich einstehen, begreifen, was f\u00fcr mich wichtig ist. Meine Welt ist jetzt heil, aber mit mir selbst und mit den f\u00fcr mich wertvollsten Menschen. Rosi, was hatte ich f\u00fcr merkw\u00fcrdige Vorstellungen, wirklich hinderlichen, zerm\u00fcrbenden Glaubensmuster! Rosi, deine Gabe, menschlichen Beziehungen, Verletzungen, \u00c4ngste, Missverst\u00e4ndnisse, Karma, aufzul\u00f6sen und zu heilen ist unbeschreiblich. <em>Aus tiefstem Herzen Danke! Silke<\/em><\/p>\n<hr \/>\n<p>Liebe Rosi, ich kam zu Dir nach einem traumatischen Erlebnis und Du hast mir in k\u00fcrzester Zeit meine \u00c4ngste genommen. Ich weiss, der Weg vor mir ist noch steinig, doch ich weiss, dass Du mich liebevoll und souver\u00e4n begleiten wirst. In Deiner N\u00e4he sieht man das Licht am Ende des Tunnels.<em> In tiefer Dankbarkeit, Marion<\/em><\/p>\n<hr \/>\n<p>Liebe Rosi, ich bin Dir so Dankbar, dass es dich gibt. Dass du den Weg gew\u00e4hlt hast, um Menschen zu helfen. Das war ein Gl\u00fcck, ein Zufall, dass ich Dich durch einen Tollen und Lieben Mensch kennenlernte. In deiner N\u00e4he f\u00fchlt man sich sehr Wohl. Dein Herz ist offen, dein ganzes &#8220;System&#8221; spricht. Du strahlst wie 1000 Sterne. Durch deine H\u00e4nde sp\u00fcrt man unbeschreibliche Kraft, die du besitzst. Die Kraft, die man f\u00fchlt ist was besonderes, das kann man nur erleben. <em>Vielen Herzlichen Dank, Viktoria, deine K\u00fcnstlerin<\/em><\/p>\n<hr \/>\n<p>Enfin quelqu un qui se prend le temps pour moi et qui comprend mes probl\u00e8mes ! \u00bb. Pas comme chez le m\u00e9decin o\u00f9 chaque patient est exp\u00e9di\u00e9 en 5-10 mn !! Rosi ne se contente pas seulement de r\u00e9-\u00e9quilibrer vos 7 chakras par limposition des mains, son travail va beaucoup plus loin. Elle a un v\u00e9ritable don et un instinct \u00e9norme et arrive \u00e0 lire dans les pens\u00e9es et \u00e0 resentir vos peurs, vos \u00e9motions, m\u00eame refoul\u00e9es. Elle ma autant aid\u00e9 sur le plan physique que psychologique et gr\u00e2ce \u00e0 son travail \u00e9tonnant et \u00e0 ses pr\u00e9cieux conseils, jai pu notamment \u00e9viter une op\u00e9ration intestinale !<br \/>\nChaque s\u00e9ance avec elle mapporte calme, profond bien-\u00eatre, r\u00e9confort et paix int\u00e9rieure. <em>Rosi, tu as vraiment trouv\u00e9 ta voie, merci de tout cur ! Anne<\/em><\/p>\n<hr \/>\n<p>Liebste Rosi, die Homepage ist wunderbar geworden, ich gratuliere herzlich dazu. Von Herzen ein Dankesch\u00f6n f\u00fcr das letzte Reading in Tonformat, das eine Wohltat f\u00fcr Geist, K\u00f6rper und Seele auf meinem weiteren Weg ist und war. Ich w\u00fcnsche Dir das Beste auf Deinem weiteren Lebensweg und freue mich mit Dir eine QEH-Kollegin getroffen zu haben und dass ihr gemeinsam arbeitet. <em>In Gedanken an Dich &amp; knuddel wuddel, Beatrice Leonie Z\u00fcger<\/em><\/p>\n<hr \/>\n<p>je suis ravie d&#8217;\u00eatre la premi\u00e8re fran\u00e7aise \u00e0 laisser une petite trace dans ce magnifique livre d&#8217;or &#8230; Force est de constater que toutes les personnes autour de moi qui sont pass\u00e9es pr Rosie pour trouver la cause de leurs maux se portent beaucoup mieux ou sont tout simplement &#8220;gu\u00e9ries&#8221;.Gr\u00e2ce \u00e0 cette \u00e9nergie qui \u00e9mane d&#8217;elle on se sent tout de suite transform\u00e9e et plus l\u00e9g\u00e8re \u00e0 la fin de la s\u00e9ance comme si tout \u00e0 coup tout devenait clairvoyant. Son don et son talent sont incontestables on ne peut pas apprendre \u00e7a c&#8217;est v\u00e9ritablement inn\u00e9 chez elle merci pour tout , merci de m&#8217;avoir ouvert les yeux &#8230;. <em>Malo<\/em><\/p>\n<hr \/>\n<p>Liebe Rosi, der Himmel hat Dich direkt hierher zu uns geschickt und daf\u00fcr bin ich dankbar. G\u00f6ttliche Liebe dr\u00fcckt sich wunderbar in Deinen inneren Bildern und in Deinen Durchsagen aus und machen sie somit begreifbar und sp\u00fcrbar. Du hast mir schon des \u00f6fteren geholfen und ich danke Dir daf\u00fcr. <em>Alles Gute f\u00fcr Dich, Angelika<\/em><\/p>\n","protected":false},"excerpt":{"rendered":"<p>Liebe Rosi, morgen sind es auf den Tag genau 4 Wochen, dass meine psychisch und dadurch auch physisch kranke Tochter das erste Mal zu dir kam. Die Besserung ihres Gesundheitszustandes nach diesem ersten Besuch bei dir war so unglaublich &#8211; ich habe schon wieder Tr\u00e4nen in den Augen. Langsam kommt auch das aufgeweckte, fr\u00f6hliche, plappernde &hellip; <\/p>\n","protected":false},"author":1,"featured_media":0,"parent":0,"menu_order":0,"comment_status":"closed","ping_status":"closed","template":"","meta":{"footnotes":""},"class_list":["post-24","page","type-page","status-publish","hentry"],"translation":{"provider":"WPGlobus","version":"3.0.1","language":"en","enabled_languages":["de","en"],"languages":{"de":{"title":true,"content":true,"excerpt":false},"en":{"title":true,"content":false,"excerpt":false}}},"_links":{"self":[{"href":"https:\/\/praxisenergie.de\/en\/wp-json\/wp\/v2\/pages\/24","targetHints":{"allow":["GET"]}}],"collection":[{"href":"https:\/\/praxisenergie.de\/en\/wp-json\/wp\/v2\/pages"}],"about":[{"href":"https:\/\/praxisenergie.de\/en\/wp-json\/wp\/v2\/types\/page"}],"author":[{"embeddable":true,"href":"https:\/\/praxisenergie.de\/en\/wp-json\/wp\/v2\/users\/1"}],"replies":[{"embeddable":true,"href":"https:\/\/praxisenergie.de\/en\/wp-json\/wp\/v2\/comments?post=24"}],"version-history":[{"count":10,"href":"https:\/\/praxisenergie.de\/en\/wp-json\/wp\/v2\/pages\/24\/revisions"}],"predecessor-version":[{"id":174,"href":"https:\/\/praxisenergie.de\/en\/wp-json\/wp\/v2\/pages\/24\/revisions\/174"}],"wp:attachment":[{"href":"https:\/\/praxisenergie.de\/en\/wp-json\/wp\/v2\/media?parent=24"}],"curies":[{"name":"wp","href":"https:\/\/api.w.org\/{rel}","templated":true}]}}