{"id":485,"date":"2022-08-19T08:39:49","date_gmt":"2022-08-19T06:39:49","guid":{"rendered":"https:\/\/praxisenergie.de\/?page_id=485"},"modified":"2022-12-03T11:36:46","modified_gmt":"2022-12-03T10:36:46","slug":"direct-healing","status":"publish","type":"page","link":"https:\/\/praxisenergie.de\/en\/direct-healing\/","title":{"rendered":"DirectHealing"},"content":{"rendered":"<h4>Was DirectHealing ist<\/h4>\n<h4><a href=\"https:\/\/praxisenergie.de\/wp-content\/uploads\/2022\/08\/directhealingBG.jpg\" data-rel=\"lightbox-image-0\" data-rl_title=\"\" data-rl_caption=\"\" title=\"\"><img loading=\"lazy\" decoding=\"async\" class=\"alignright wp-image-486\" src=\"https:\/\/praxisenergie.de\/wp-content\/uploads\/2022\/08\/directhealingBG-1024x682.jpg\" alt=\"\" width=\"400\" height=\"266\" srcset=\"https:\/\/praxisenergie.de\/wp-content\/uploads\/2022\/08\/directhealingBG-1024x682.jpg 1024w, https:\/\/praxisenergie.de\/wp-content\/uploads\/2022\/08\/directhealingBG-300x200.jpg 300w, https:\/\/praxisenergie.de\/wp-content\/uploads\/2022\/08\/directhealingBG-768x512.jpg 768w, https:\/\/praxisenergie.de\/wp-content\/uploads\/2022\/08\/directhealingBG-450x300.jpg 450w, https:\/\/praxisenergie.de\/wp-content\/uploads\/2022\/08\/directhealingBG-90x60.jpg 90w, https:\/\/praxisenergie.de\/wp-content\/uploads\/2022\/08\/directhealingBG.jpg 1081w\" sizes=\"auto, (max-width: 400px) 100vw, 400px\" \/><\/a><\/h4>\n<p>Es basiert auf einem tiefen Verst\u00e4ndnis der Zusammenh\u00e4nge von Seele-K\u00f6per-Geist. Der wesentliche Inhalt ist die HINGABE an das H\u00f6here von allem, was uns belastet. Die Verwandlung\/Transformation und die Ver\u00e4nderungen im K\u00f6rper geschehen ohne unser Zutun durch die Sch\u00f6pfung. Wir brauchen diesen Prozess nur erlauben, beobachten und die Heilungen wahrnehmen. Dies ist ein nat\u00fcrlicher Vorgang, der durch die Transformationsanleitungen in uns aktiviert wird.<br \/>\nUnter Heilung verstehen wir hier ein Freiwerden von alten, in jedem von uns wirkenden Pr\u00e4gungen und Konzepten. DirectHealing erm\u00f6glicht uns, dass wir uns wohl und vollkommen f\u00fchlen, viel Lebensenergie haben und innerlich voller Freude und Gl\u00fcck sind.<\/p>\n<h4>DirectHealing besteht aus<\/h4>\n<ul>\n<li>einer tiefen, umfassenden Weisheit des LEBENS, die verbl\u00fcffend einfach ist, und von den meisten sofort als WAHRHEIT empfunden wird<\/li>\n<li>unterschiedlichen Prozessen (Transformation von Emotionen, des Herzens, des Minds\/Verstands, der Chakren, von k\u00f6rperlichen Anspannungen und Schmerzen, der J\u00fcngeren ICHs (alle ICHs, die j\u00fcnger als jetzt gerade sind), von vergangenen Situationen, Konflikten der Vorfahren, der Vorleben, der Trennung zum H\u00f6heren, wobei jede Transformation innerhalb von Minuten, mit Training innerhalb von Sekunden, geschieht und zu jeder Zeit, an jedem Ort und in jeder Situation m\u00f6glich ist &#8211; also im Alltag<\/li>\n<\/ul>\n<h4>DirectHealing kann eingesetzt werden bei<\/h4>\n<ul>\n<li>\u00c4ngsten, Panik, Burnout, Stress<\/li>\n<li>allen Arten von belastenden Emotionen<\/li>\n<li>leichten bis schweren chronischen Erkrankungen, auch von Krebs, als Begleittherapie<\/li>\n<li>Depressionen<\/li>\n<li>beruflichen oder privaten Konflikten<\/li>\n<li>gew\u00fcnschten Lebensver\u00e4nderungen<\/li>\n<li><strong>fast allem, was einer Verbesserung bedarf<\/strong><\/li>\n<\/ul>\n<p>Ich lernte Detlev Wirth als Sprecher an meinem 3. Paradigmenwechsel-Kongress im Herbst 2020 kennen, und er sp\u00fcrte sofort mein Potenzial f\u00fcr die Anwendung von DirectHealing. So bot er mir sofort ein Seminar an, und ich war unmittelbar ber\u00fchrt und begeistert von den Transformations(TR)-Anleitungen, die Detlev permanent aus dem Einheit-Bewusstsein erh\u00e4lt, um es an Interessierte weiterzugeben. W\u00e4hrend des Lockdowns entschloss ich mich f\u00fcr ein 18-monatiges Coaching, das den Teilnehmern stufenweise aufbauend, durch immer komplexere Transformations-Anleitungen angeboten wurde. Ich empfand diese oftmals 2-3 Abende pro Woche, in der Gruppe und die ganzt\u00e4gigen Wochenend-Intensiv Webinare, sehr tiefgreifend, kl\u00e4rend und herz\u00f6ffnend. Die intensive Praxis durch gegenseitige Begleitungen, auch innerhalb der Gruppe, waren ph\u00e4nomenal transformierend und bewusstseinserweiternd.<\/p>\n<p>Ich konnte schrittweise durch Hingabe erlauben, dass viele alte Glaubenss\u00e4tze und Emotionen, sowie k\u00f6rperliche Symptome durch die hochschwingenden TR-Anleitungen, oftmals unmittelbar in Freude, Weite, Mitgef\u00fchl und Liebe transformiert wurden, ohne mein Zutun.<\/p>\n<p>F\u00fcr mich war nach dieser intensiven Zeit sehr klar, dass ich die Ausbildung, als Bewusstseins\/Transformations-Coach innerhalb eines weiteren halben Jahres absolvieren wollte. So nutzte ich diese 6 Monate, f\u00fcr intensive Begleitungen, mit mir oft unbekannten Menschen, aus anderen Gruppen. Alle 60 Begleitungen wurden protokolliert und von Detlev Wirth anerkannt.<\/p>\n<p>Die unmittelbaren und oft sehr tiefgreifenden Ver\u00e4nderungen waren f\u00fcr mich und die Probanden von unermesslichem Wert. Es ist kaum mit Worten zu beschreiben, was durch das G\u00f6ttliche wirken kann, wenn wir es erlauben!<\/p>\n<p>Ich freue mich sehr, dass ich jetzt diese wundervollen Transformationen, die DirectHealing bewirkt, an m\u00f6glichst viele Menschen, die sich daf\u00fcr interessieren anbieten darf.<\/p>\n<p style=\"text-align: center;\"><em><strong>Ich freue mich, wenn ich Ihr Interesse geweckt habe. Schreiben Sie mir einfach eine E-Mail oder Sie melden sich telefonisch bei mir.<\/strong><\/em><\/p>\n<p><em>Ich freue mich auf Sie!<\/em><br \/>\n<em>Herzlich, Ihre Roswitha<\/em><\/p>\n","protected":false},"excerpt":{"rendered":"<p>Was DirectHealing ist Es basiert auf einem tiefen Verst\u00e4ndnis der Zusammenh\u00e4nge von Seele-K\u00f6per-Geist. Der wesentliche Inhalt ist die HINGABE an das H\u00f6here von allem, was uns belastet. Die Verwandlung\/Transformation und die Ver\u00e4nderungen im K\u00f6rper geschehen ohne unser Zutun durch die Sch\u00f6pfung. Wir brauchen diesen Prozess nur erlauben, beobachten und die Heilungen wahrnehmen. Dies ist ein &hellip; <\/p>\n","protected":false},"author":1,"featured_media":0,"parent":0,"menu_order":0,"comment_status":"closed","ping_status":"closed","template":"","meta":{"footnotes":""},"class_list":["post-485","page","type-page","status-publish","hentry"],"translation":{"provider":"WPGlobus","version":"3.0.1","language":"en","enabled_languages":["de","en"],"languages":{"de":{"title":true,"content":true,"excerpt":false},"en":{"title":false,"content":false,"excerpt":false}}},"_links":{"self":[{"href":"https:\/\/praxisenergie.de\/en\/wp-json\/wp\/v2\/pages\/485","targetHints":{"allow":["GET"]}}],"collection":[{"href":"https:\/\/praxisenergie.de\/en\/wp-json\/wp\/v2\/pages"}],"about":[{"href":"https:\/\/praxisenergie.de\/en\/wp-json\/wp\/v2\/types\/page"}],"author":[{"embeddable":true,"href":"https:\/\/praxisenergie.de\/en\/wp-json\/wp\/v2\/users\/1"}],"replies":[{"embeddable":true,"href":"https:\/\/praxisenergie.de\/en\/wp-json\/wp\/v2\/comments?post=485"}],"version-history":[{"count":11,"href":"https:\/\/praxisenergie.de\/en\/wp-json\/wp\/v2\/pages\/485\/revisions"}],"predecessor-version":[{"id":503,"href":"https:\/\/praxisenergie.de\/en\/wp-json\/wp\/v2\/pages\/485\/revisions\/503"}],"wp:attachment":[{"href":"https:\/\/praxisenergie.de\/en\/wp-json\/wp\/v2\/media?parent=485"}],"curies":[{"name":"wp","href":"https:\/\/api.w.org\/{rel}","templated":true}]}}